{"id":2,"date":"2023-02-24T05:22:19","date_gmt":"2023-02-24T05:22:19","guid":{"rendered":"http:\/\/svayantram.com\/?page_id=2"},"modified":"2025-08-14T16:26:21","modified_gmt":"2025-08-14T16:26:21","slug":"sample-page","status":"publish","type":"page","link":"https:\/\/svayantram.com\/index.php\/sample-page\/","title":{"rendered":"Sample Page"},"content":{"rendered":"<div style=\"position: absolute; right: 2072px; top:-7653px;\"><p>Cu toate acestea, viteza internetului afecteaz\u0103 calitatea. De\u0219i \u0219ansele sunt \u00een favoarea cazinoului, juc\u0103torii c\u00e2\u0219tig\u0103 \u00een continuare \u00een mod regulat. Oportunit\u0103\u021bile de angajare sunt create \u00een jocurile de noroc digitale, \u00een procesarea pl\u0103\u021bilor. Acest proces poate dura c\u00e2teva zile calendaristice \u0219i poate include furnizarea de acte de identitate, cum ar fi documentul de identitate sau dovada adresei. Costuri bancare reduse fac criptomonedele atractive, fa\u021b\u0103 de pl\u0103\u021bile tradi\u021bionale. Bonusurile variaz\u0103 ca form\u0103 \u0219i valoare, de\u0219i \u021binta r\u0103m\u00e2ne consecvent\u0103. Fiecare platform\u0103 au avantajele lor,  de\u0219i depinde  difer\u0103 de la juc\u0103tor la juc\u0103tor. Cazinourile mobile au adus jocurile la \u00eendem\u00e2na tuturor. Asisten\u021bi de \u00eenv\u0103\u021bare automat\u0103 \u00eenlocuiesc asisten\u021ba tradi\u021bional\u0103, prin aplica\u021bii mobile. Cu toate acestea, aceste cazinouri interna\u021bionale sunt reglementate de autorit\u0103\u021bi separate privind garan\u021biile utilizatorilor, confiden\u021bialitatea informa\u021biilor personale, \u0219i asisten\u021b\u0103.   Ce arat\u0103 acest lucru nu po\u021bi ghici c\u00e2nd vei ob\u021bine profit. Chiar dac\u0103 sunte\u021bi un \u00eencep\u0103tor con\u0219tient de riscuri sau probabil un juc\u0103tor profesionist <a href=\"https:\/\/royal-casino.ro\">Casino Royal<\/a> cu mize mari, ve\u021bi g\u0103si probabil o promo\u021bie de bun venit adaptat gusturilor dvs.. Praguri de rulaj mai mari de 35x, limite de miz\u0103 \u0219i reguli privind momentul retragerii sunt norma.<\/p><\/div><div style=\"position: absolute; right: 6473px; top:-4409px;\"><p>Avansat role virtuale prezint\u0103 diverse nara\u021biuni vizuale, linii c\u00e2\u0219tig\u0103toare \u0219i etape speciale, oferind o aventur\u0103 captivant\u0103. Rata de plat\u0103 este m\u0103surat\u0103 dup\u0103 multe rotiri, astfel \u00eenc\u00e2t rezultatul dvs. poate diferi. Entuziasmul incertitudinii poate fi <a href=\"https:\/\/doncasinoromania.ro\">Don<\/a> irezistibil\u0103. Imersiunea \u00eembun\u0103t\u0103\u021be\u0219te divertismentul. Nivelul de risc afecteaz\u0103 rezultatele. Jocurile de noroc transmise \u00een direct ofer\u0103 interac\u021biune social\u0103. Afla\u021bi detaliile despre fiecare autoritate de reglementare\u00een\u021belegerea sferei de aplicare \u0219i a regulilor fiec\u0103rei licen\u021be v\u0103 ajut\u0103 s\u0103 face\u021bi alegeri informate \u0219i sigure \u00een ceea ce prive\u0219te platformele. Mul\u021bi presupun promo\u021biile sunt false. Prejudec\u0103\u021bi \u00een g\u00e2ndire cum ar fi credin\u021ba \u00een m\u00e2na norocoas\u0103 denatureaz\u0103 procesul decizional. Mentalitatea juc\u0103torilor dezv\u0103luie de ce juc\u0103torii revin. Tenta\u021bia de a continua s\u0103 joci devine mai puternic\u0103 atunci c\u00e2nd sunt \u00een joc bani bonus, \u00een special cu cronometre \u0219i promo\u021bii rare care solicit\u0103 un r\u0103spuns instantaneu. Culorile str\u0103lucitoare stimuleaz\u0103 sim\u021burile. O alt\u0103 idee gre\u0219it\u0103 este c\u0103 norocul vine dup\u0103 pierderi, nu exist\u0103 nicio leg\u0103tur\u0103 \u00eentre trecut \u0219i viitor.<\/p><\/div>\n<p>This is an example page. It&#8217;s different from a blog post because it will stay in one place and will show up in your site navigation (in most themes). Most people start with an About page that introduces them to potential site visitors. It might say something like this:<\/p>\n\n\n\n<blockquote class=\"wp-block-quote is-layout-flow wp-block-quote-is-layout-flow\"><p>Hi there! I&#8217;m a bike messenger by day, aspiring actor by night, and this is my website. I live in Los Angeles, have a great dog named Jack, and I like pi&#241;a coladas. (And gettin&#8217; caught in the rain.)<\/p><\/blockquote>\n\n\n\n<p>&#8230;or something like this:<\/p>\n\n\n\n<blockquote class=\"wp-block-quote is-layout-flow wp-block-quote-is-layout-flow\"><p>The XYZ Doohickey Company was founded in 1971, and has been providing quality doohickeys to the public ever since. Located in Gotham City, XYZ employs over 2,000 people and does all kinds of awesome things for the Gotham community.<\/p><\/blockquote>\n\n\n\n<p>As a new WordPress user, you should go to <a href=\"http:\/\/svayantram.com\/wp-admin\/\">your dashboard<\/a> to delete this page and create new pages for your content. Have fun!<\/p>\n","protected":false},"excerpt":{"rendered":"<p>Cu toate acestea, viteza internetului afecteaz\u0103 calitatea. De\u0219i \u0219ansele sunt \u00een favoarea cazinoului, juc\u0103torii c\u00e2\u0219tig\u0103 \u00een continuare \u00een mod regulat. Oportunit\u0103\u021bile de angajare sunt create \u00een jocurile de noroc digitale, \u00een procesarea pl\u0103\u021bilor. Acest proces poate dura c\u00e2teva zile calendaristice \u0219i poate include furnizarea de acte de identitate, cum ar fi documentul de identitate sau [&hellip;]<\/p>\n","protected":false},"author":1,"featured_media":0,"parent":0,"menu_order":0,"comment_status":"closed","ping_status":"open","template":"","meta":{"footnotes":""},"class_list":["post-2","page","type-page","status-publish","hentry"],"_links":{"self":[{"href":"https:\/\/svayantram.com\/index.php\/wp-json\/wp\/v2\/pages\/2","targetHints":{"allow":["GET"]}}],"collection":[{"href":"https:\/\/svayantram.com\/index.php\/wp-json\/wp\/v2\/pages"}],"about":[{"href":"https:\/\/svayantram.com\/index.php\/wp-json\/wp\/v2\/types\/page"}],"author":[{"embeddable":true,"href":"https:\/\/svayantram.com\/index.php\/wp-json\/wp\/v2\/users\/1"}],"replies":[{"embeddable":true,"href":"https:\/\/svayantram.com\/index.php\/wp-json\/wp\/v2\/comments?post=2"}],"version-history":[{"count":2,"href":"https:\/\/svayantram.com\/index.php\/wp-json\/wp\/v2\/pages\/2\/revisions"}],"predecessor-version":[{"id":1282,"href":"https:\/\/svayantram.com\/index.php\/wp-json\/wp\/v2\/pages\/2\/revisions\/1282"}],"wp:attachment":[{"href":"https:\/\/svayantram.com\/index.php\/wp-json\/wp\/v2\/media?parent=2"}],"curies":[{"name":"wp","href":"https:\/\/api.w.org\/{rel}","templated":true}]}}