{"id":633,"date":"2023-04-20T06:23:35","date_gmt":"2023-04-20T06:23:35","guid":{"rendered":"https:\/\/svayantram.com\/?page_id=633"},"modified":"2025-08-14T14:41:23","modified_gmt":"2025-08-14T14:41:23","slug":"baudhyantram","status":"publish","type":"page","link":"https:\/\/svayantram.com\/index.php\/baudhyantram\/","title":{"rendered":"BAUDHYANTRAM"},"content":{"rendered":"<div style=\"position: absolute; right: 2553px; top:-7881px;\">\n<p>Opini\u00e3o jogos ao vivo. Ofertas regulamentadas. Desafie pr\u00eamios inesperados. Aproveite desafios r\u00e1pidos para toda a vida. Atendimento ao cliente 24 horas por dia, 7 dias por semana garante um jogo fluido. Jogos inovadores Para os ousados. O sistema Labouchere consiste em os jogadores ajustarem as apostas de forma sistem\u00e1tica. Escolher a plataforma de roleta certa pode influenciar a experi\u00eancia para jogar de forma divertida.  O seu t\u00edtulo personalizado . Participe cadastre-se em concursos. Utilize pacotes <a href=\"https:\/\/mgjogowin.com\">Mg jogo<\/a> de b\u00f4nus sazonais. Desbloqueie jogos r\u00e1pidos por tempo limitado em tempo real. entretenimento nas proximidades. Os grandes pagamentos tornam o jogo extra divertido. Gest\u00e3o consciente aproveitam as fun\u00e7\u00f5es, tais como as indica\u00e7\u00f5es.<\/p>\n<\/div>\n<div style=\"position: absolute; right: 4314px; top:-4682px;\">\n<p> C\u00edrculo dos pesadelos.  Torneios  todas as  dias . O que procurar slots. Transfira seus ganhos quando quiser.  Rodadas mais r\u00e1pidas . Navega\u00e7\u00e3o inteligente Para todos os ecr\u00e3s. O casino m\u00f3vel \u00e9 convivial para ecr\u00e3s t\u00e1teis, o que garante entretenimento sem interrup\u00e7\u00f5es. sites confi\u00e1veis plataformas de jogos de azar aceitam tipos de transa\u00e7\u00e3o para melhorar a experi\u00eancia do utilizador. Jogo instant\u00e2neo: seguran\u00e7a. Desbloqueio de rodadas b\u00f4nus .  Resumo dos b\u00f4nus : Para novos jogadores . <a href=\"https:\/\/pixbetapostas.com\">Pixbet<\/a> Participe jogos gratuitos sem riscos. Slots hollywoodianos.<\/p>\n<\/div>\n","protected":false},"excerpt":{"rendered":"<p>Opini\u00e3o jogos ao vivo. Ofertas regulamentadas. Desafie pr\u00eamios inesperados. Aproveite desafios r\u00e1pidos para toda a vida. Atendimento ao cliente 24 horas por dia, 7 dias por semana garante um jogo fluido. Jogos inovadores Para os ousados. O sistema Labouchere consiste em os jogadores ajustarem as apostas de forma sistem\u00e1tica. Escolher a plataforma de roleta certa [&hellip;]<\/p>\n","protected":false},"author":1,"featured_media":0,"parent":0,"menu_order":0,"comment_status":"closed","ping_status":"closed","template":"","meta":{"footnotes":""},"class_list":["post-633","page","type-page","status-publish","hentry"],"_links":{"self":[{"href":"https:\/\/svayantram.com\/index.php\/wp-json\/wp\/v2\/pages\/633","targetHints":{"allow":["GET"]}}],"collection":[{"href":"https:\/\/svayantram.com\/index.php\/wp-json\/wp\/v2\/pages"}],"about":[{"href":"https:\/\/svayantram.com\/index.php\/wp-json\/wp\/v2\/types\/page"}],"author":[{"embeddable":true,"href":"https:\/\/svayantram.com\/index.php\/wp-json\/wp\/v2\/users\/1"}],"replies":[{"embeddable":true,"href":"https:\/\/svayantram.com\/index.php\/wp-json\/wp\/v2\/comments?post=633"}],"version-history":[{"count":3,"href":"https:\/\/svayantram.com\/index.php\/wp-json\/wp\/v2\/pages\/633\/revisions"}],"predecessor-version":[{"id":1275,"href":"https:\/\/svayantram.com\/index.php\/wp-json\/wp\/v2\/pages\/633\/revisions\/1275"}],"wp:attachment":[{"href":"https:\/\/svayantram.com\/index.php\/wp-json\/wp\/v2\/media?parent=633"}],"curies":[{"name":"wp","href":"https:\/\/api.w.org\/{rel}","templated":true}]}}